{"id":28,"date":"2017-03-07T15:00:18","date_gmt":"2017-03-07T15:00:18","guid":{"rendered":"http:\/\/gefluegelbrotdorf.de\/?page_id=28"},"modified":"2025-05-05T09:18:53","modified_gmt":"2025-05-05T09:18:53","slug":"home","status":"publish","type":"page","link":"https:\/\/gefluegelbrotdorf.de\/","title":{"rendered":"Legehennen"},"content":{"rendered":"<div class=\"wp-block-image\">\n<figure class=\"alignleft size-full\"><img loading=\"lazy\" decoding=\"async\" width=\"352\" height=\"361\" src=\"http:\/\/gefluegelbrotdorf.de\/wp-content\/uploads\/2025\/05\/Deuka-all-mash-L.png\" alt=\"\" class=\"wp-image-827\" srcset=\"https:\/\/gefluegelbrotdorf.de\/wp-content\/uploads\/2025\/05\/Deuka-all-mash-L.png 352w, https:\/\/gefluegelbrotdorf.de\/wp-content\/uploads\/2025\/05\/Deuka-all-mash-L-293x300.png 293w\" sizes=\"auto, (max-width: 352px) 100vw, 352px\" \/><\/figure><\/div>\n\n\n<p><strong>Deuka Alleinhennenfutter  all-mash L gek\u00f6rnt (Pellet):<\/strong> <strong><mark style=\"background-color:rgba(0, 0, 0, 0)\" class=\"has-inline-color has-vivid-cyan-blue-color\">25 Kg Sack f\u00fcr nur 21,00\u20ac<\/mark><\/strong><\/p>\n\n\n\n<p>Futterverkauf jeden Samstag 8.00-10.00 Uhr, sowie nach vorheriger Terminvereinbarung werktags&nbsp;<\/p>\n\n\n\n<p><strong>Gefl\u00fcgelverkauf auf Vorbestellung&nbsp;<\/strong><\/p>\n\n\n\n<p><strong>Telefonische Beratung und Bestellannahme:&nbsp;<\/strong><\/p>\n\n\n\n<p><\/p>\n\n\n\n<p><strong>Freitag 17.00-18.00 Uhr\u00a0<\/strong> &amp; <strong>Samstag 8.00-12.00 Uhr<\/strong><\/p>\n\n\n\n<p class=\"has-medium-font-size\"><strong>Bestellungen und Informationen gerne auch t\u00e4glich -rund um die Uhr- per WhatsApp , QR Code (bitte mit Handykamera darauf fokussieren) oder per Email.&nbsp;<\/strong><\/p>\n\n\n\n<div class=\"wp-block-columns are-vertically-aligned-center is-layout-flex wp-container-core-columns-is-layout-9d6595d7 wp-block-columns-is-layout-flex\">\n<div class=\"wp-block-column is-vertically-aligned-center is-layout-flow wp-block-column-is-layout-flow\">\n<figure class=\"wp-block-image size-thumbnail\"><img loading=\"lazy\" decoding=\"async\" width=\"150\" height=\"150\" src=\"https:\/\/gefluegelbrotdorf.de\/wp-content\/uploads\/2024\/10\/qrcode-1-150x150.png\" alt=\"\" class=\"wp-image-773\" srcset=\"https:\/\/gefluegelbrotdorf.de\/wp-content\/uploads\/2024\/10\/qrcode-1-150x150.png 150w, https:\/\/gefluegelbrotdorf.de\/wp-content\/uploads\/2024\/10\/qrcode-1-300x300.png 300w, https:\/\/gefluegelbrotdorf.de\/wp-content\/uploads\/2024\/10\/qrcode-1-1024x1024.png 1024w, https:\/\/gefluegelbrotdorf.de\/wp-content\/uploads\/2024\/10\/qrcode-1-768x768.png 768w, https:\/\/gefluegelbrotdorf.de\/wp-content\/uploads\/2024\/10\/qrcode-1-100x100.png 100w, https:\/\/gefluegelbrotdorf.de\/wp-content\/uploads\/2024\/10\/qrcode-1.png 1500w\" sizes=\"auto, (max-width: 150px) 100vw, 150px\" \/><\/figure>\n<\/div>\n\n\n\n<div class=\"wp-block-column is-vertically-aligned-center is-layout-flow wp-block-column-is-layout-flow\"><div class=\"wp-block-image\">\n<figure class=\"aligncenter size-full\"><a href=\"https:\/\/wa.me\/4917631115113\"><img loading=\"lazy\" decoding=\"async\" width=\"128\" height=\"128\" src=\"http:\/\/gefluegelbrotdorf.de\/wp-content\/uploads\/2024\/05\/whatsapp128x128.png\" alt=\"\" class=\"wp-image-736\" srcset=\"https:\/\/gefluegelbrotdorf.de\/wp-content\/uploads\/2024\/05\/whatsapp128x128.png 128w, https:\/\/gefluegelbrotdorf.de\/wp-content\/uploads\/2024\/05\/whatsapp128x128-100x100.png 100w\" sizes=\"auto, (max-width: 128px) 100vw, 128px\" \/><\/a><\/figure><\/div><\/div>\n<\/div>\n\n\n\n<p><strong><i class=\"fa fa-whatsapp \" ><\/i> WhatsApp <a href=\"https:\/\/wa.me\/4917631115113\">+49-(0)176-31115113<\/a><\/strong><\/p>\n\n\n\n<p><strong>Nachrichten werden innerhalb von 24 Stunden beantwortet<\/strong><strong>.&nbsp;<\/strong><\/p>\n\n\n\n<p><strong> <\/strong><br>Mastbroiler\/Mastk\u00fcken k\u00f6nnen Sie ganzj\u00e4hrig auf Vorbestellung bei uns kaufen.<br><em>Bei uns stehen Qualit\u00e4t sowie das Wohl der Tiere im Mittelpunkt! Daher kann es bei extremen Wetterlagen dazu kommen, dass ein Verkaufstermin verschoben werden muss, um die Tiere keinem zus\u00e4tzlichen Stress auszusetzen.<br>Alle Tiere sind dem Alter entsprechend schutzgeimpft.<br>Bitte beachten Sie, dass sich die Preise von Mast- &amp; Wassergefl\u00fcgel nach Alter\/Gewicht richten und daher leicht schwanken k\u00f6nnen.<\/em><br>Bei weiteren Fragen stehen wir Ihnen gerne per Whatsapp, Mail oder Telefon zur Verf\u00fcgung.<\/p>\n\n\n\n<p>Mit freundlichen Gr\u00fc\u00dfen<em><\/em><\/p>\n\n\n\n<p>Daniel D\u00f6rr<\/p>\n\n\n<div class=\"wp-block-image\">\n<figure class=\"aligncenter\"><a href=\"http:\/\/gefluegelbrotdorf.de\/wp-content\/uploads\/2020\/04\/Blauleger_a2.jpg\"><img loading=\"lazy\" decoding=\"async\" width=\"150\" height=\"150\" src=\"http:\/\/gefluegelbrotdorf.de\/wp-content\/uploads\/2020\/04\/Blauleger_a2-150x150.jpg\" alt=\"\" class=\"wp-image-473\" srcset=\"https:\/\/gefluegelbrotdorf.de\/wp-content\/uploads\/2020\/04\/Blauleger_a2-150x150.jpg 150w, https:\/\/gefluegelbrotdorf.de\/wp-content\/uploads\/2020\/04\/Blauleger_a2-100x100.jpg 100w\" sizes=\"auto, (max-width: 150px) 100vw, 150px\" \/><\/a><figcaption class=\"wp-element-caption\">Blauleger_a2<\/figcaption><\/figure><\/div>\n\n<div class=\"wp-block-image\">\n<figure class=\"aligncenter\"><a href=\"http:\/\/gefluegelbrotdorf.de\/wp-content\/uploads\/2020\/04\/Blauleger_a.jpg\"><img decoding=\"async\" src=\"http:\/\/gefluegelbrotdorf.de\/wp-content\/uploads\/2020\/04\/Blauleger_a-150x150.jpg\" alt=\"\" class=\"wp-image-478\"\/><\/a><figcaption class=\"wp-element-caption\">Blauleger_a<\/figcaption><\/figure><\/div>\n\n\n<p>Blauleger<\/p>\n\n\n\n<p>Blauleger haben eine gute Legeleistung von ca. 200 Eiern pro Jahr. Es handelt sich um Hybriden. Die Farbe der Eier variiert daher von Blau bis gr\u00fcn (kann in seltenen f\u00e4llen aber auch mal wei\u00df sein) . Eine bunte Eipalette ist auf jedenfalls gew\u00e4hrleistet&nbsp;\ud83d\ude09<br>Es gibt sie in ganz unterschiedlichen Farben und Sie haben in den meisten F\u00e4llen eine kleine Haube auf dem Kopf.<br>Blauleger wird es nur auf Vorbestellung geben. Diese k\u00f6nnen Sie bereits jetzt t\u00e4tigen.<br>Bei uns stehen Qualit\u00e4t sowie das Wohl der Tiere im Mittelpunkt! Daher kann es bei extremen Wetterlagen dazu kommen, dass ein Verkaufstermin verschoben werden muss, um die Tiere keinem zus\u00e4tzlichen Stress auszusetzen.<\/p>\n\n\n\n<p>Alle Tiere sind dem Alter entsprechend schutzgeimpft.<\/p>\n\n\n\n<p>Sie bekommen bei uns eine bunte Auswahl an verschiedenen Hybriden sowie Mast- und Wassergefl\u00fcgel.<br><\/p>\n\n\n\n<figure class=\"wp-block-table\"><table><tbody><tr><td><\/td><\/tr><\/tbody><\/table><\/figure>\n\n\n<div class=\"wp-block-image\">\n<figure class=\"aligncenter\"><a href=\"http:\/\/gefluegelbrotdorf.de\/wp-content\/uploads\/2020\/04\/Tricolor_a.jpg\"><img loading=\"lazy\" decoding=\"async\" width=\"150\" height=\"150\" src=\"http:\/\/gefluegelbrotdorf.de\/wp-content\/uploads\/2020\/04\/Tricolor_a-150x150.jpg\" alt=\"\" class=\"wp-image-475\" srcset=\"https:\/\/gefluegelbrotdorf.de\/wp-content\/uploads\/2020\/04\/Tricolor_a-150x150.jpg 150w, https:\/\/gefluegelbrotdorf.de\/wp-content\/uploads\/2020\/04\/Tricolor_a-100x100.jpg 100w\" sizes=\"auto, (max-width: 150px) 100vw, 150px\" \/><\/a><figcaption class=\"wp-element-caption\">Tricolor<\/figcaption><\/figure><\/div>\n\n<div class=\"wp-block-image\">\n<figure class=\"aligncenter\"><a href=\"http:\/\/gefluegelbrotdorf.de\/wp-content\/uploads\/2020\/04\/Tricolor_a2.jpg\"><img loading=\"lazy\" decoding=\"async\" width=\"150\" height=\"150\" src=\"http:\/\/gefluegelbrotdorf.de\/wp-content\/uploads\/2020\/04\/Tricolor_a2-150x150.jpg\" alt=\"\" class=\"wp-image-476\" srcset=\"https:\/\/gefluegelbrotdorf.de\/wp-content\/uploads\/2020\/04\/Tricolor_a2-150x150.jpg 150w, https:\/\/gefluegelbrotdorf.de\/wp-content\/uploads\/2020\/04\/Tricolor_a2-100x100.jpg 100w\" sizes=\"auto, (max-width: 150px) 100vw, 150px\" \/><\/a><figcaption class=\"wp-element-caption\">Tricolor<\/figcaption><\/figure><\/div>\n\n<div class=\"wp-block-image\">\n<figure class=\"aligncenter\"><a href=\"http:\/\/gefluegelbrotdorf.de\/wp-content\/uploads\/2020\/04\/Tricolor_a3-rotated-e1586933919327.jpg\"><img loading=\"lazy\" decoding=\"async\" width=\"150\" height=\"150\" src=\"http:\/\/gefluegelbrotdorf.de\/wp-content\/uploads\/2020\/04\/Tricolor_a3-rotated-e1586933919327-150x150.jpg\" alt=\"\" class=\"wp-image-477\" srcset=\"https:\/\/gefluegelbrotdorf.de\/wp-content\/uploads\/2020\/04\/Tricolor_a3-rotated-e1586933919327-150x150.jpg 150w, https:\/\/gefluegelbrotdorf.de\/wp-content\/uploads\/2020\/04\/Tricolor_a3-rotated-e1586933919327-100x100.jpg 100w\" sizes=\"auto, (max-width: 150px) 100vw, 150px\" \/><\/a><figcaption class=\"wp-element-caption\">Tricolor<\/figcaption><\/figure><\/div>\n\n\n<p>Schwedische Blumenh\u00fchner \/Tricolore<\/p>\n\n\n\n<p>Tricolore haben eine gute Legeleistung von ca. 220 Eiern pro Jahr. Es handelt sich um Hybriden. Sie haben ein tolles Federkleid sind in den meisten F\u00e4llen dunkel braun mit &#8222;bunten&#8220; Tupfen. Sehr sch\u00f6n anzusehen. Genau das richtige f\u00fcr Ihre bunte Truppe? Dann sprechen Sie uns gerne an.<br>Tricolore wird es nur auf Vorbestellung geben. Diese k\u00f6nnen Sie bereits jetzt t\u00e4tigen.<br>Bei uns stehen Qualit\u00e4t sowie das Wohl der Tiere im Mittelpunkt! Daher kann es bei extremen Wetterlagen dazu kommen, dass ein Verkaufstermin verschoben werden muss, um die Tiere keinem zus\u00e4tzlichen Stress auszusetzen.<\/p>\n\n\n\n<p>Alle Tiere sind dem Alter entsprechend schutzgeimpft.<\/p>\n\n\n\n<p>Sie bekommen bei uns eine bunte Auswahl an verschiedenen Hybriden sowie Mast- und Wassergefl\u00fcgel.<\/p>\n\n\n\n<p>Bei weiteren Fragen stehen wir Ihnen gerne per Whatsapp, E-Mail oder Telefon zur Verf\u00fcgung.<\/p>\n\n\n\n<figure class=\"wp-block-gallery has-nested-images columns-3 is-cropped wp-block-gallery-1 is-layout-flex wp-block-gallery-is-layout-flex\">\n<figure class=\"wp-block-image size-large\"><a href=\"https:\/\/gefluegelbrotdorf.de\/?attachment_id=55\"><img loading=\"lazy\" decoding=\"async\" width=\"425\" height=\"400\" data-id=\"55\" src=\"https:\/\/gefluegelbrotdorf.de\/wp-content\/uploads\/2017\/03\/Italiener-Rebhuhnfarbig.jpg\" alt=\"\" class=\"wp-image-55\" srcset=\"https:\/\/gefluegelbrotdorf.de\/wp-content\/uploads\/2017\/03\/Italiener-Rebhuhnfarbig.jpg 425w, https:\/\/gefluegelbrotdorf.de\/wp-content\/uploads\/2017\/03\/Italiener-Rebhuhnfarbig-350x329.jpg 350w, https:\/\/gefluegelbrotdorf.de\/wp-content\/uploads\/2017\/03\/Italiener-Rebhuhnfarbig-300x282.jpg 300w\" sizes=\"auto, (max-width: 425px) 100vw, 425px\" \/><\/a><\/figure>\n\n\n\n<figure class=\"wp-block-image size-large\"><a href=\"https:\/\/gefluegelbrotdorf.de\/?attachment_id=53\"><img loading=\"lazy\" decoding=\"async\" width=\"534\" height=\"400\" data-id=\"53\" src=\"https:\/\/gefluegelbrotdorf.de\/wp-content\/uploads\/2017\/03\/Goldsperber.jpg\" alt=\"Goldsperber\" class=\"wp-image-53\" srcset=\"https:\/\/gefluegelbrotdorf.de\/wp-content\/uploads\/2017\/03\/Goldsperber.jpg 534w, https:\/\/gefluegelbrotdorf.de\/wp-content\/uploads\/2017\/03\/Goldsperber-350x262.jpg 350w, https:\/\/gefluegelbrotdorf.de\/wp-content\/uploads\/2017\/03\/Goldsperber-300x225.jpg 300w\" sizes=\"auto, (max-width: 534px) 100vw, 534px\" \/><\/a><\/figure>\n\n\n\n<figure class=\"wp-block-image size-large\"><a href=\"https:\/\/gefluegelbrotdorf.de\/?attachment_id=50\"><img loading=\"lazy\" decoding=\"async\" width=\"407\" height=\"400\" data-id=\"50\" src=\"https:\/\/gefluegelbrotdorf.de\/wp-content\/uploads\/2017\/03\/Blausperber.jpg\" alt=\"\" class=\"wp-image-50\" srcset=\"https:\/\/gefluegelbrotdorf.de\/wp-content\/uploads\/2017\/03\/Blausperber.jpg 407w, https:\/\/gefluegelbrotdorf.de\/wp-content\/uploads\/2017\/03\/Blausperber-350x344.jpg 350w, https:\/\/gefluegelbrotdorf.de\/wp-content\/uploads\/2017\/03\/Blausperber-300x295.jpg 300w\" sizes=\"auto, (max-width: 407px) 100vw, 407px\" \/><\/a><\/figure>\n\n\n\n<figure class=\"wp-block-image size-large\"><a href=\"https:\/\/gefluegelbrotdorf.de\/?attachment_id=51\"><img loading=\"lazy\" decoding=\"async\" width=\"446\" height=\"400\" data-id=\"51\" src=\"https:\/\/gefluegelbrotdorf.de\/wp-content\/uploads\/2017\/03\/Braun.jpg\" alt=\"\" class=\"wp-image-51\" srcset=\"https:\/\/gefluegelbrotdorf.de\/wp-content\/uploads\/2017\/03\/Braun.jpg 446w, https:\/\/gefluegelbrotdorf.de\/wp-content\/uploads\/2017\/03\/Braun-350x314.jpg 350w, https:\/\/gefluegelbrotdorf.de\/wp-content\/uploads\/2017\/03\/Braun-300x269.jpg 300w\" sizes=\"auto, (max-width: 446px) 100vw, 446px\" \/><\/a><\/figure>\n\n\n\n<figure class=\"wp-block-image size-large\"><a href=\"https:\/\/gefluegelbrotdorf.de\/?attachment_id=54\"><img loading=\"lazy\" decoding=\"async\" width=\"596\" height=\"400\" data-id=\"54\" src=\"https:\/\/gefluegelbrotdorf.de\/wp-content\/uploads\/2017\/03\/Gr\u00fcnleger.jpg\" alt=\"\" class=\"wp-image-54\" srcset=\"https:\/\/gefluegelbrotdorf.de\/wp-content\/uploads\/2017\/03\/Gr\u00fcnleger.jpg 596w, https:\/\/gefluegelbrotdorf.de\/wp-content\/uploads\/2017\/03\/Gr\u00fcnleger-350x235.jpg 350w, https:\/\/gefluegelbrotdorf.de\/wp-content\/uploads\/2017\/03\/Gr\u00fcnleger-300x201.jpg 300w\" sizes=\"auto, (max-width: 596px) 100vw, 596px\" \/><\/a><\/figure>\n\n\n\n<figure class=\"wp-block-image size-large\"><a href=\"https:\/\/gefluegelbrotdorf.de\/?attachment_id=49\"><img loading=\"lazy\" decoding=\"async\" width=\"438\" height=\"400\" data-id=\"49\" src=\"https:\/\/gefluegelbrotdorf.de\/wp-content\/uploads\/2017\/03\/Welsumer-Zwerge.jpg\" alt=\"\" class=\"wp-image-49\" srcset=\"https:\/\/gefluegelbrotdorf.de\/wp-content\/uploads\/2017\/03\/Welsumer-Zwerge.jpg 438w, https:\/\/gefluegelbrotdorf.de\/wp-content\/uploads\/2017\/03\/Welsumer-Zwerge-350x320.jpg 350w, https:\/\/gefluegelbrotdorf.de\/wp-content\/uploads\/2017\/03\/Welsumer-Zwerge-300x274.jpg 300w\" sizes=\"auto, (max-width: 438px) 100vw, 438px\" \/><\/a><\/figure>\n\n\n\n<figure class=\"wp-block-image size-large\"><a href=\"https:\/\/gefluegelbrotdorf.de\/?attachment_id=48\"><img loading=\"lazy\" decoding=\"async\" width=\"450\" height=\"400\" data-id=\"48\" src=\"https:\/\/gefluegelbrotdorf.de\/wp-content\/uploads\/2017\/03\/Wei\u00df.jpg\" alt=\"\" class=\"wp-image-48\" srcset=\"https:\/\/gefluegelbrotdorf.de\/wp-content\/uploads\/2017\/03\/Wei\u00df.jpg 450w, https:\/\/gefluegelbrotdorf.de\/wp-content\/uploads\/2017\/03\/Wei\u00df-350x311.jpg 350w, https:\/\/gefluegelbrotdorf.de\/wp-content\/uploads\/2017\/03\/Wei\u00df-300x267.jpg 300w\" sizes=\"auto, (max-width: 450px) 100vw, 450px\" \/><\/a><\/figure>\n\n\n\n<figure class=\"wp-block-image size-large\"><a href=\"https:\/\/gefluegelbrotdorf.de\/?attachment_id=46\"><img loading=\"lazy\" decoding=\"async\" width=\"533\" height=\"400\" data-id=\"46\" src=\"https:\/\/gefluegelbrotdorf.de\/wp-content\/uploads\/2017\/03\/Sussex-weiss.jpg\" alt=\"\" class=\"wp-image-46\" srcset=\"https:\/\/gefluegelbrotdorf.de\/wp-content\/uploads\/2017\/03\/Sussex-weiss.jpg 533w, https:\/\/gefluegelbrotdorf.de\/wp-content\/uploads\/2017\/03\/Sussex-weiss-350x263.jpg 350w, https:\/\/gefluegelbrotdorf.de\/wp-content\/uploads\/2017\/03\/Sussex-weiss-300x225.jpg 300w\" sizes=\"auto, (max-width: 533px) 100vw, 533px\" \/><\/a><\/figure>\n\n\n\n<figure class=\"wp-block-image size-large\"><a href=\"https:\/\/gefluegelbrotdorf.de\/?attachment_id=45\"><img loading=\"lazy\" decoding=\"async\" width=\"535\" height=\"400\" data-id=\"45\" src=\"https:\/\/gefluegelbrotdorf.de\/wp-content\/uploads\/2017\/03\/Sussex-dunkel.jpg\" alt=\"\" class=\"wp-image-45\" srcset=\"https:\/\/gefluegelbrotdorf.de\/wp-content\/uploads\/2017\/03\/Sussex-dunkel.jpg 535w, https:\/\/gefluegelbrotdorf.de\/wp-content\/uploads\/2017\/03\/Sussex-dunkel-350x262.jpg 350w, https:\/\/gefluegelbrotdorf.de\/wp-content\/uploads\/2017\/03\/Sussex-dunkel-300x224.jpg 300w\" sizes=\"auto, (max-width: 535px) 100vw, 535px\" \/><\/a><\/figure>\n\n\n\n<figure class=\"wp-block-image size-large\"><a href=\"https:\/\/gefluegelbrotdorf.de\/?attachment_id=43\"><img loading=\"lazy\" decoding=\"async\" width=\"500\" height=\"400\" data-id=\"43\" src=\"https:\/\/gefluegelbrotdorf.de\/wp-content\/uploads\/2017\/03\/Schwarz.jpg\" alt=\"\" class=\"wp-image-43\" srcset=\"https:\/\/gefluegelbrotdorf.de\/wp-content\/uploads\/2017\/03\/Schwarz.jpg 500w, https:\/\/gefluegelbrotdorf.de\/wp-content\/uploads\/2017\/03\/Schwarz-350x280.jpg 350w, https:\/\/gefluegelbrotdorf.de\/wp-content\/uploads\/2017\/03\/Schwarz-300x240.jpg 300w\" sizes=\"auto, (max-width: 500px) 100vw, 500px\" \/><\/a><\/figure>\n\n\n\n<figure class=\"wp-block-image size-large\"><a href=\"https:\/\/gefluegelbrotdorf.de\/?attachment_id=42\"><img loading=\"lazy\" decoding=\"async\" width=\"421\" height=\"400\" data-id=\"42\" src=\"https:\/\/gefluegelbrotdorf.de\/wp-content\/uploads\/2017\/03\/Rhodel\u00e4nder.jpg\" alt=\"\" class=\"wp-image-42\" srcset=\"https:\/\/gefluegelbrotdorf.de\/wp-content\/uploads\/2017\/03\/Rhodel\u00e4nder.jpg 421w, https:\/\/gefluegelbrotdorf.de\/wp-content\/uploads\/2017\/03\/Rhodel\u00e4nder-350x333.jpg 350w, https:\/\/gefluegelbrotdorf.de\/wp-content\/uploads\/2017\/03\/Rhodel\u00e4nder-300x285.jpg 300w\" sizes=\"auto, (max-width: 421px) 100vw, 421px\" \/><\/a><\/figure>\n\n\n\n<figure class=\"wp-block-image size-large\"><a href=\"https:\/\/gefluegelbrotdorf.de\/?attachment_id=40\"><img loading=\"lazy\" decoding=\"async\" width=\"533\" height=\"400\" data-id=\"40\" src=\"https:\/\/gefluegelbrotdorf.de\/wp-content\/uploads\/2017\/03\/Koenigsberger.jpg\" alt=\"\" class=\"wp-image-40\" srcset=\"https:\/\/gefluegelbrotdorf.de\/wp-content\/uploads\/2017\/03\/Koenigsberger.jpg 533w, https:\/\/gefluegelbrotdorf.de\/wp-content\/uploads\/2017\/03\/Koenigsberger-350x263.jpg 350w, https:\/\/gefluegelbrotdorf.de\/wp-content\/uploads\/2017\/03\/Koenigsberger-300x225.jpg 300w\" sizes=\"auto, (max-width: 533px) 100vw, 533px\" \/><\/a><\/figure>\n\n\n\n<figure class=\"wp-block-image size-large\"><a href=\"https:\/\/gefluegelbrotdorf.de\/?attachment_id=41\"><img loading=\"lazy\" decoding=\"async\" width=\"567\" height=\"400\" data-id=\"41\" src=\"https:\/\/gefluegelbrotdorf.de\/wp-content\/uploads\/2017\/03\/Maran-.jpg\" alt=\"\" class=\"wp-image-41\" srcset=\"https:\/\/gefluegelbrotdorf.de\/wp-content\/uploads\/2017\/03\/Maran-.jpg 567w, https:\/\/gefluegelbrotdorf.de\/wp-content\/uploads\/2017\/03\/Maran--350x247.jpg 350w, https:\/\/gefluegelbrotdorf.de\/wp-content\/uploads\/2017\/03\/Maran--300x212.jpg 300w\" sizes=\"auto, (max-width: 567px) 100vw, 567px\" \/><\/a><\/figure>\n<\/figure>\n\n\n\n<figure class=\"wp-block-gallery has-nested-images columns-0 is-cropped wp-block-gallery-2 is-layout-flex wp-block-gallery-is-layout-flex\"><\/figure>\n\n\n\n<p>\n\n&#8212;-&gt;<br><a href=\"http:\/\/gefluegelbrotdorf.de\/#oben\"><i class=\"fa fa-angle-double-up \" ><\/i><\/a><\/p>\n","protected":false},"excerpt":{"rendered":"<p>Deuka Alleinhennenfutter all-mash L gek\u00f6rnt (Pellet): 25 Kg Sack f\u00fcr nur 21,00\u20ac Futterverkauf jeden Samstag 8.00-10.00 Uhr, sowie nach vorheriger Terminvereinbarung werktags&nbsp; Gefl\u00fcgelverkauf auf Vorbestellung&nbsp; Telefonische Beratung und Bestellannahme:&nbsp; Freitag 17.00-18.00 Uhr\u00a0 &amp; Samstag 8.00-12.00 Uhr Bestellungen und Informationen gerne auch t\u00e4glich -rund um die Uhr- per WhatsApp , QR Code (bitte mit Handykamera darauf &hellip; <\/p>\n<p class=\"link-more\"><a href=\"https:\/\/gefluegelbrotdorf.de\/\" class=\"more-link\"><span class=\"screen-reader-text\">\u201eLegehennen\u201c<\/span> weiterlesen<\/a><\/p>\n","protected":false},"author":1,"featured_media":0,"parent":0,"menu_order":0,"comment_status":"closed","ping_status":"closed","template":"","meta":{"footnotes":""},"class_list":["post-28","page","type-page","status-publish","hentry"],"_links":{"self":[{"href":"https:\/\/gefluegelbrotdorf.de\/index.php?rest_route=\/wp\/v2\/pages\/28","targetHints":{"allow":["GET"]}}],"collection":[{"href":"https:\/\/gefluegelbrotdorf.de\/index.php?rest_route=\/wp\/v2\/pages"}],"about":[{"href":"https:\/\/gefluegelbrotdorf.de\/index.php?rest_route=\/wp\/v2\/types\/page"}],"author":[{"embeddable":true,"href":"https:\/\/gefluegelbrotdorf.de\/index.php?rest_route=\/wp\/v2\/users\/1"}],"replies":[{"embeddable":true,"href":"https:\/\/gefluegelbrotdorf.de\/index.php?rest_route=%2Fwp%2Fv2%2Fcomments&post=28"}],"version-history":[{"count":194,"href":"https:\/\/gefluegelbrotdorf.de\/index.php?rest_route=\/wp\/v2\/pages\/28\/revisions"}],"predecessor-version":[{"id":829,"href":"https:\/\/gefluegelbrotdorf.de\/index.php?rest_route=\/wp\/v2\/pages\/28\/revisions\/829"}],"wp:attachment":[{"href":"https:\/\/gefluegelbrotdorf.de\/index.php?rest_route=%2Fwp%2Fv2%2Fmedia&parent=28"}],"curies":[{"name":"wp","href":"https:\/\/api.w.org\/{rel}","templated":true}]}}