{"id":116,"date":"2017-03-08T17:24:19","date_gmt":"2017-03-08T17:24:19","guid":{"rendered":"http:\/\/gefluegelbrotdorf.de\/?page_id=116"},"modified":"2021-06-14T18:59:11","modified_gmt":"2021-06-14T18:59:11","slug":"masthaenchen-puten-gaense","status":"publish","type":"page","link":"https:\/\/gefluegelbrotdorf.de\/?page_id=116","title":{"rendered":"Masth\u00e4hnchen, Puten &#038; G\u00e4nse"},"content":{"rendered":"\n<p><strong>Verkauf nur nach Vorbestellung <span class=\"has-inline-color has-vivid-green-cyan-color\">Tel. Bestellungsannahme am: Fr. 17-18 Uhr &amp; Sa. 8-12 Uhr.<\/span><\/strong><\/p>\n\n\n\n<p><strong> Bestellungen gerne auch 24\/7 (24 Stunden am Tag) per WhatsApp, Signal oder Email<\/strong><\/p>\n\n\n<h6><i class=\"fa fa-adjust \" ><\/i> Masth\u00e4hnchen<\/h6>\n<p>Unsere wei\u00dfen Masth\u00e4hnchen, auch Fleischh\u00e4hnchen oder Broiler genannt, sind 10 -14 Tage alt. Sie sind bei entsprechender F\u00fctterung nach 6-8 Wochen schlachtreif (ca. 2-3 kg Schlachtgewicht).<\/p>\n<figure id=\"attachment_142\" aria-describedby=\"caption-attachment-142\" style=\"width: 300px\" class=\"wp-caption aligncenter\"><img loading=\"lazy\" decoding=\"async\" class=\"wp-image-142 size-medium\" src=\"http:\/\/gefluegelbrotdorf.de\/wp-content\/uploads\/2017\/03\/Masth\u00e4hnchen-braun-1-300x234.jpg\" width=\"300\" height=\"234\" srcset=\"https:\/\/gefluegelbrotdorf.de\/wp-content\/uploads\/2017\/03\/Masth\u00e4hnchen-braun-1-300x234.jpg 300w, https:\/\/gefluegelbrotdorf.de\/wp-content\/uploads\/2017\/03\/Masth\u00e4hnchen-braun-1-350x273.jpg 350w, https:\/\/gefluegelbrotdorf.de\/wp-content\/uploads\/2017\/03\/Masth\u00e4hnchen-braun-1.jpg 513w\" sizes=\"auto, (max-width: 300px) 100vw, 300px\" \/><figcaption id=\"caption-attachment-142\" class=\"wp-caption-text\">Masth\u00e4hnchen braun<\/figcaption><\/figure>\n<figure id=\"attachment_135\" aria-describedby=\"caption-attachment-135\" style=\"width: 300px\" class=\"wp-caption aligncenter\"><img loading=\"lazy\" decoding=\"async\" class=\"size-medium wp-image-135\" src=\"http:\/\/gefluegelbrotdorf.de\/wp-content\/uploads\/2017\/03\/Masth\u00e4hnchen-wei\u00df-1-300x225.jpg\" alt=\"\" width=\"300\" height=\"225\" srcset=\"https:\/\/gefluegelbrotdorf.de\/wp-content\/uploads\/2017\/03\/Masth\u00e4hnchen-wei\u00df-1-300x225.jpg 300w, https:\/\/gefluegelbrotdorf.de\/wp-content\/uploads\/2017\/03\/Masth\u00e4hnchen-wei\u00df-1-350x262.jpg 350w, https:\/\/gefluegelbrotdorf.de\/wp-content\/uploads\/2017\/03\/Masth\u00e4hnchen-wei\u00df-1.jpg 534w\" sizes=\"auto, (max-width: 300px) 100vw, 300px\" \/><figcaption id=\"caption-attachment-135\" class=\"wp-caption-text\">Masth\u00e4hnchen wei\u00df<\/figcaption><\/figure>\n<h6><i class=\"fa fa-adjust \" ><\/i> Puten<\/h6>\n<p>Alle Puten sind Masttiere, deswegen nehmen sie relativ z\u00fcgig an Gewicht zu. Das Endgewicht mit ca 5-6 Monaten betr\u00e4gt ca 10-11 kg bei den Hennen und ca 17-20 kg bei den H\u00e4hnen. Wir bieten wei\u00dfe Puten und Bronce-Puten an.<\/p>\n<figure id=\"attachment_138\" aria-describedby=\"caption-attachment-138\" style=\"width: 300px\" class=\"wp-caption aligncenter\"><img loading=\"lazy\" decoding=\"async\" class=\"size-medium wp-image-138\" src=\"http:\/\/gefluegelbrotdorf.de\/wp-content\/uploads\/2017\/03\/Puten-weiss-1-300x198.jpg\" alt=\"\" width=\"300\" height=\"198\" srcset=\"https:\/\/gefluegelbrotdorf.de\/wp-content\/uploads\/2017\/03\/Puten-weiss-1-300x198.jpg 300w, https:\/\/gefluegelbrotdorf.de\/wp-content\/uploads\/2017\/03\/Puten-weiss-1-350x230.jpg 350w, https:\/\/gefluegelbrotdorf.de\/wp-content\/uploads\/2017\/03\/Puten-weiss-1.jpg 600w\" sizes=\"auto, (max-width: 300px) 100vw, 300px\" \/><figcaption id=\"caption-attachment-138\" class=\"wp-caption-text\">Puten weiss<\/figcaption><\/figure>\n<figure id=\"attachment_137\" aria-describedby=\"caption-attachment-137\" style=\"width: 167px\" class=\"wp-caption aligncenter\"><img loading=\"lazy\" decoding=\"async\" class=\"size-medium wp-image-137\" src=\"http:\/\/gefluegelbrotdorf.de\/wp-content\/uploads\/2017\/03\/Puten-bronze-1-167x300.jpg\" alt=\"\" width=\"167\" height=\"300\" srcset=\"https:\/\/gefluegelbrotdorf.de\/wp-content\/uploads\/2017\/03\/Puten-bronze-1-167x300.jpg 167w, https:\/\/gefluegelbrotdorf.de\/wp-content\/uploads\/2017\/03\/Puten-bronze-1.jpg 223w\" sizes=\"auto, (max-width: 167px) 100vw, 167px\" \/><figcaption id=\"caption-attachment-137\" class=\"wp-caption-text\">Puten bronze<\/figcaption><\/figure>\n<h6><i class=\"fa fa-adjust \" ><\/i> G\u00e4nse<\/h6>\n<p>Wei\u00dfe und graue G\u00e4nse (Landaise), m\u00e4nnlich und weiblich, stehen zur Auswahl<\/p>\n<figure id=\"attachment_140\" aria-describedby=\"caption-attachment-140\" style=\"width: 300px\" class=\"wp-caption aligncenter\"><img loading=\"lazy\" decoding=\"async\" class=\"size-medium wp-image-140\" src=\"http:\/\/gefluegelbrotdorf.de\/wp-content\/uploads\/2017\/03\/Gans-Landaise-1-300x199.jpg\" alt=\"\" width=\"300\" height=\"199\" srcset=\"https:\/\/gefluegelbrotdorf.de\/wp-content\/uploads\/2017\/03\/Gans-Landaise-1-300x199.jpg 300w, https:\/\/gefluegelbrotdorf.de\/wp-content\/uploads\/2017\/03\/Gans-Landaise-1-350x232.jpg 350w, https:\/\/gefluegelbrotdorf.de\/wp-content\/uploads\/2017\/03\/Gans-Landaise-1.jpg 600w\" sizes=\"auto, (max-width: 300px) 100vw, 300px\" \/><figcaption id=\"caption-attachment-140\" class=\"wp-caption-text\">Gans Landaise<\/figcaption><\/figure>\n<figure id=\"attachment_141\" aria-describedby=\"caption-attachment-141\" style=\"width: 300px\" class=\"wp-caption aligncenter\"><img loading=\"lazy\" decoding=\"async\" class=\"size-medium wp-image-141\" src=\"http:\/\/gefluegelbrotdorf.de\/wp-content\/uploads\/2017\/03\/Gans-wei\u00df-1-300x224.jpg\" alt=\"\" width=\"300\" height=\"224\" srcset=\"https:\/\/gefluegelbrotdorf.de\/wp-content\/uploads\/2017\/03\/Gans-wei\u00df-1-300x224.jpg 300w, https:\/\/gefluegelbrotdorf.de\/wp-content\/uploads\/2017\/03\/Gans-wei\u00df-1-350x262.jpg 350w, https:\/\/gefluegelbrotdorf.de\/wp-content\/uploads\/2017\/03\/Gans-wei\u00df-1.jpg 535w\" sizes=\"auto, (max-width: 300px) 100vw, 300px\" \/><figcaption id=\"caption-attachment-141\" class=\"wp-caption-text\">Gans wei\u00df<\/figcaption><\/figure>","protected":false},"excerpt":{"rendered":"<p>Verkauf nur nach Vorbestellung Tel. Bestellungsannahme am: Fr. 17-18 Uhr &amp; Sa. 8-12 Uhr. Bestellungen gerne auch 24\/7 (24 Stunden am Tag) per WhatsApp, Signal oder Email Masth\u00e4hnchen Unsere wei\u00dfen Masth\u00e4hnchen, auch Fleischh\u00e4hnchen oder Broiler genannt, sind 10 -14 Tage alt. Sie sind bei entsprechender F\u00fctterung nach 6-8 Wochen schlachtreif (ca. 2-3 kg Schlachtgewicht). Puten &hellip; <\/p>\n<p class=\"link-more\"><a href=\"https:\/\/gefluegelbrotdorf.de\/?page_id=116\" class=\"more-link\"><span class=\"screen-reader-text\">\u201eMasth\u00e4hnchen, Puten &#038; G\u00e4nse\u201c<\/span> weiterlesen<\/a><\/p>\n","protected":false},"author":1,"featured_media":0,"parent":0,"menu_order":0,"comment_status":"closed","ping_status":"closed","template":"","meta":{"footnotes":""},"class_list":["post-116","page","type-page","status-publish","hentry"],"_links":{"self":[{"href":"https:\/\/gefluegelbrotdorf.de\/index.php?rest_route=\/wp\/v2\/pages\/116","targetHints":{"allow":["GET"]}}],"collection":[{"href":"https:\/\/gefluegelbrotdorf.de\/index.php?rest_route=\/wp\/v2\/pages"}],"about":[{"href":"https:\/\/gefluegelbrotdorf.de\/index.php?rest_route=\/wp\/v2\/types\/page"}],"author":[{"embeddable":true,"href":"https:\/\/gefluegelbrotdorf.de\/index.php?rest_route=\/wp\/v2\/users\/1"}],"replies":[{"embeddable":true,"href":"https:\/\/gefluegelbrotdorf.de\/index.php?rest_route=%2Fwp%2Fv2%2Fcomments&post=116"}],"version-history":[{"count":11,"href":"https:\/\/gefluegelbrotdorf.de\/index.php?rest_route=\/wp\/v2\/pages\/116\/revisions"}],"predecessor-version":[{"id":542,"href":"https:\/\/gefluegelbrotdorf.de\/index.php?rest_route=\/wp\/v2\/pages\/116\/revisions\/542"}],"wp:attachment":[{"href":"https:\/\/gefluegelbrotdorf.de\/index.php?rest_route=%2Fwp%2Fv2%2Fmedia&parent=116"}],"curies":[{"name":"wp","href":"https:\/\/api.w.org\/{rel}","templated":true}]}}