{"id":103,"date":"2017-03-08T16:23:07","date_gmt":"2017-03-08T16:23:07","guid":{"rendered":"http:\/\/gefluegelbrotdorf.de\/?page_id=103"},"modified":"2021-06-14T18:57:24","modified_gmt":"2021-06-14T18:57:24","slug":"enten","status":"publish","type":"page","link":"https:\/\/gefluegelbrotdorf.de\/?page_id=103","title":{"rendered":"Enten"},"content":{"rendered":"\n<p><strong>Verkauf nur nach Vorbestellung <span class=\"has-inline-color has-vivid-green-cyan-color\">Tel. Bestellungsannahme am: Fr. 17-18 Uhr &amp; Sa. 8-12 Uhr.<\/span><\/strong><\/p>\n\n\n\n<p><strong> Bestellungen gerne auch 24\/7 (24 Stunden am Tag) per WhatsApp, Signal oder Email<\/strong><\/p>\n\n\n<h6><i class=\"fa fa-adjust \" ><\/i> Enten<\/h6>\n<p>Bei uns erhalten Sie verschiedene Sorten <strong>Entenk\u00fcken und Jungtiere<\/strong>, weiblich und m\u00e4nnlich.<\/p>\n<h6><i class=\"fa fa-yelp \" ><\/i> Laufenten<\/h6>\n<p>Die Laufenten sind gute Schneckenbek\u00e4mpfer und legen bis zu 200 Eiern im Jahr. Wir empfehlen, zu einem Erpel mindestens 3 Weibchen zu halten.<\/p>\n<figure id=\"attachment_59\" aria-describedby=\"caption-attachment-59\" style=\"width: 300px\" class=\"wp-caption aligncenter\"><img loading=\"lazy\" decoding=\"async\" class=\"size-medium wp-image-59\" src=\"http:\/\/gefluegelbrotdorf.de\/wp-content\/uploads\/2017\/03\/Laufenten-300x225.jpg\" alt=\"\" width=\"300\" height=\"225\" srcset=\"https:\/\/gefluegelbrotdorf.de\/wp-content\/uploads\/2017\/03\/Laufenten-300x225.jpg 300w, https:\/\/gefluegelbrotdorf.de\/wp-content\/uploads\/2017\/03\/Laufenten-350x262.jpg 350w, https:\/\/gefluegelbrotdorf.de\/wp-content\/uploads\/2017\/03\/Laufenten.jpg 534w\" sizes=\"auto, (max-width: 300px) 100vw, 300px\" \/><figcaption id=\"caption-attachment-59\" class=\"wp-caption-text\">Laufenten<\/figcaption><\/figure>\n<h6><i class=\"fa fa-yelp \" ><\/i> Wildenten<\/h6>\n<p>Die Wildenten sind flugf\u00e4hig und reviergetreu.<\/p>\n<figure id=\"attachment_57\" aria-describedby=\"caption-attachment-57\" style=\"width: 300px\" class=\"wp-caption aligncenter\"><img loading=\"lazy\" decoding=\"async\" class=\"size-medium wp-image-57\" src=\"http:\/\/gefluegelbrotdorf.de\/wp-content\/uploads\/2017\/03\/Wildenten-300x223.jpg\" alt=\"\" width=\"300\" height=\"223\" srcset=\"https:\/\/gefluegelbrotdorf.de\/wp-content\/uploads\/2017\/03\/Wildenten-300x223.jpg 300w, https:\/\/gefluegelbrotdorf.de\/wp-content\/uploads\/2017\/03\/Wildenten-350x261.jpg 350w, https:\/\/gefluegelbrotdorf.de\/wp-content\/uploads\/2017\/03\/Wildenten.jpg 537w\" sizes=\"auto, (max-width: 300px) 100vw, 300px\" \/><figcaption id=\"caption-attachment-57\" class=\"wp-caption-text\">Wildenten<\/figcaption><\/figure>\n<h6><i class=\"fa fa-yelp \" ><\/i> Flugenten<\/h6>\n<p>Die Flugenten, auch Warzenenten genannt, wachsen z\u00fcgig. Die Erpel wiegen mit 3-4 Monaten ca 5 kg, die Weibchen ca 3 kg. Die Bezeichnung ist irref\u00fchrend, da sie aufgrund ihres schweren K\u00f6rpers kaum fliegen k\u00f6nnen, eventuell unternehmen sie als Jungtiere einige Flugversuche.<\/p>\n<figure id=\"attachment_58\" aria-describedby=\"caption-attachment-58\" style=\"width: 300px\" class=\"wp-caption aligncenter\"><img loading=\"lazy\" decoding=\"async\" class=\"size-medium wp-image-58\" src=\"http:\/\/gefluegelbrotdorf.de\/wp-content\/uploads\/2017\/03\/Flugenten-300x225.jpg\" alt=\"\" width=\"300\" height=\"225\" srcset=\"https:\/\/gefluegelbrotdorf.de\/wp-content\/uploads\/2017\/03\/Flugenten-300x225.jpg 300w, https:\/\/gefluegelbrotdorf.de\/wp-content\/uploads\/2017\/03\/Flugenten-350x262.jpg 350w, https:\/\/gefluegelbrotdorf.de\/wp-content\/uploads\/2017\/03\/Flugenten.jpg 534w\" sizes=\"auto, (max-width: 300px) 100vw, 300px\" \/><figcaption id=\"caption-attachment-58\" class=\"wp-caption-text\">Flugenten<\/figcaption><\/figure>\n<h6><i class=\"fa fa-yelp \" ><\/i>&nbsp;Mularden<\/h6>\n<p>Mularden sind eine Kreuzung aus Flug- und Pekingenten. Ihr Fleisch ist schmackhaft und sie nehmen schnell an Gewicht zu, vergleichbar mit den Flugenten .<\/p>\n<figure id=\"attachment_60\" aria-describedby=\"caption-attachment-60\" style=\"width: 300px\" class=\"wp-caption aligncenter\"><img loading=\"lazy\" decoding=\"async\" class=\"size-medium wp-image-60\" src=\"http:\/\/gefluegelbrotdorf.de\/wp-content\/uploads\/2017\/03\/Mularden-300x204.jpg\" alt=\"\" width=\"300\" height=\"204\" srcset=\"https:\/\/gefluegelbrotdorf.de\/wp-content\/uploads\/2017\/03\/Mularden-300x204.jpg 300w, https:\/\/gefluegelbrotdorf.de\/wp-content\/uploads\/2017\/03\/Mularden-350x238.jpg 350w, https:\/\/gefluegelbrotdorf.de\/wp-content\/uploads\/2017\/03\/Mularden.jpg 588w\" sizes=\"auto, (max-width: 300px) 100vw, 300px\" \/><figcaption id=\"caption-attachment-60\" class=\"wp-caption-text\">Mularden<\/figcaption><\/figure>\n<h6><i class=\"fa fa-yelp \" ><\/i> D\u00e4nen-Enten<\/h6>\n<p>D\u00e4nen-Enten sind robust und schnellw\u00fcchsig. Ihr Gewicht betr\u00e4gt mit 8 Wochen ca 4 kg. Bild D\u00e4nen-Enten fehlt!!!!<\/p>\n<h6><i class=\"fa fa-yelp \" ><\/i> Sachsen-Enten<\/h6>\n<p>Sachsen-Enten sind kr\u00e4ftige Tiere mit einem blau-gelben Farbschlag. Ihre K\u00f6rperhaltung ist relativ waagerecht.<\/p>\n<figure id=\"attachment_56\" aria-describedby=\"caption-attachment-56\" style=\"width: 300px\" class=\"wp-caption aligncenter\"><img loading=\"lazy\" decoding=\"async\" class=\"size-medium wp-image-56\" src=\"http:\/\/gefluegelbrotdorf.de\/wp-content\/uploads\/2017\/03\/Sachsenenten-300x225.jpg\" alt=\"\" width=\"300\" height=\"225\" srcset=\"https:\/\/gefluegelbrotdorf.de\/wp-content\/uploads\/2017\/03\/Sachsenenten-300x225.jpg 300w, https:\/\/gefluegelbrotdorf.de\/wp-content\/uploads\/2017\/03\/Sachsenenten-350x262.jpg 350w, https:\/\/gefluegelbrotdorf.de\/wp-content\/uploads\/2017\/03\/Sachsenenten.jpg 534w\" sizes=\"auto, (max-width: 300px) 100vw, 300px\" \/><figcaption id=\"caption-attachment-56\" class=\"wp-caption-text\">Sachsenenten<\/figcaption><\/figure>","protected":false},"excerpt":{"rendered":"<p>Verkauf nur nach Vorbestellung Tel. Bestellungsannahme am: Fr. 17-18 Uhr &amp; Sa. 8-12 Uhr. Bestellungen gerne auch 24\/7 (24 Stunden am Tag) per WhatsApp, Signal oder Email Enten Bei uns erhalten Sie verschiedene Sorten Entenk\u00fcken und Jungtiere, weiblich und m\u00e4nnlich. Laufenten Die Laufenten sind gute Schneckenbek\u00e4mpfer und legen bis zu 200 Eiern im Jahr. Wir &hellip; <\/p>\n<p class=\"link-more\"><a href=\"https:\/\/gefluegelbrotdorf.de\/?page_id=103\" class=\"more-link\"><span class=\"screen-reader-text\">\u201eEnten\u201c<\/span> weiterlesen<\/a><\/p>\n","protected":false},"author":1,"featured_media":0,"parent":0,"menu_order":0,"comment_status":"closed","ping_status":"closed","template":"","meta":{"footnotes":""},"class_list":["post-103","page","type-page","status-publish","hentry"],"_links":{"self":[{"href":"https:\/\/gefluegelbrotdorf.de\/index.php?rest_route=\/wp\/v2\/pages\/103","targetHints":{"allow":["GET"]}}],"collection":[{"href":"https:\/\/gefluegelbrotdorf.de\/index.php?rest_route=\/wp\/v2\/pages"}],"about":[{"href":"https:\/\/gefluegelbrotdorf.de\/index.php?rest_route=\/wp\/v2\/types\/page"}],"author":[{"embeddable":true,"href":"https:\/\/gefluegelbrotdorf.de\/index.php?rest_route=\/wp\/v2\/users\/1"}],"replies":[{"embeddable":true,"href":"https:\/\/gefluegelbrotdorf.de\/index.php?rest_route=%2Fwp%2Fv2%2Fcomments&post=103"}],"version-history":[{"count":32,"href":"https:\/\/gefluegelbrotdorf.de\/index.php?rest_route=\/wp\/v2\/pages\/103\/revisions"}],"predecessor-version":[{"id":541,"href":"https:\/\/gefluegelbrotdorf.de\/index.php?rest_route=\/wp\/v2\/pages\/103\/revisions\/541"}],"wp:attachment":[{"href":"https:\/\/gefluegelbrotdorf.de\/index.php?rest_route=%2Fwp%2Fv2%2Fmedia&parent=103"}],"curies":[{"name":"wp","href":"https:\/\/api.w.org\/{rel}","templated":true}]}}